{"id":1594,"date":"2018-09-24T14:34:43","date_gmt":"2018-09-24T12:34:43","guid":{"rendered":"http:\/\/www.lou-gard-tour.com\/?page_id=1594"},"modified":"2018-09-24T15:13:13","modified_gmt":"2018-09-24T13:13:13","slug":"legal-terms","status":"publish","type":"page","link":"https:\/\/www.lou-gard-tour.com\/en\/legal-terms\/","title":{"rendered":"Legal terms"},"content":{"rendered":"<p>MENTIONS L\u00c9GALES<\/p>\n<p>LOU GARD TOUR agence r\u00e9ceptive sud de France est une\u00a0SARL au capital de 7.500 euros<br \/>\nSoci\u00e9t\u00e9 immatricul\u00e9e au RCS NIMES\u00a0793770629<br \/>\nSi\u00e8ge social : 1026 route de N\u00eemes \u2013 30700 Uz\u00e8s \u2013 France<\/p>\n<p>Pour exercer le m\u00e9tier de professionnel du Tourisme, il est imp\u00e9ratif d\u2019\u00eatre immatricul\u00e9 par l\u2019Etat, de souscrire une responsabilit\u00e9 civile professionnelle et d\u2019obtenir une garantie financi\u00e8re, dont le montant est fix\u00e9 par les Pouvoirs Publics.<\/p>\n<p>Notre num\u00e9ro d\u2019immatriculation est IM03013008.\u00a0Le num\u00e9ro d\u2019immatriculation d\u00e9livr\u00e9 par l\u2019Etat Fran\u00e7ais, repr\u00e9sent\u00e9 par l\u2019organisme Atout France, est obligatoire et soumis \u00e0 des crit\u00e8res extr\u00eamement rigoureux. Ce num\u00e9ro est indispensable pour vendre des voyages.<\/p>\n<p>NOTRE GARANTIE FINANCI\u00c8RE<br \/>\nNotre garantie financi\u00e8re est de 200.000 euros<br \/>\nPour exercer, nous avons l\u2019obligation de souscrire une garantie financi\u00e8re, faite aupr\u00e8s de l\u2019APST (Association Professionnelle de Solidarit\u00e9 du Tourisme).<br \/>\nEn cas de d\u00e9faillances de notre part, cette garantie financi\u00e8re prot\u00e8ge les consommateurs voyageurs contre les faillites, et les rembourse en premi\u00e8re demeure de l\u2019int\u00e9gralit\u00e9 des sommes vers\u00e9es \u00e0 titre d\u2019acompte ou de solde de leur voyage.<\/p>\n<p>NOTRE RESPONSABILIT\u00c9 CIVILE<br \/>\nAssurance sp\u00e9cialement con\u00e7ue pour nos m\u00e9tiers du tourisme aupr\u00e8s de :<br \/>\nHISCOX France \u2013 19 rue Louis Le Grand \u2013 75002 Paris \u2013<br \/>\nContrat :\u00a0HA RCP0233091<\/p>\n<p>LA GARANTIE DES FONDS D\u00c9POS\u00c9S PAR LE PUBLIC<br \/>\nPour exercer le m\u00e9tier de professionnel du Tourisme, il est imp\u00e9ratif d\u2019\u00eatre immatricul\u00e9 par l\u2019Etat, de souscrire une responsabilit\u00e9 civile professionnelle et d\u2019obtenir une garantie financi\u00e8re, dont le montant est fix\u00e9 par les Pouvoirs Publics.<\/p>\n<p>L\u2019APST (Association Professionnelle de Solidarit\u00e9 du Tourisme) a d\u00e9livr\u00e9 cette garantie financi\u00e8re \u00e0 votre professionnel du Tourisme.<br \/>\nEn plus, votre professionnel membre de l\u2019APST, vous fait b\u00e9n\u00e9ficier d\u2019un avantage exclusif et gratuit : la Garantie des Fonds D\u00e9pos\u00e9s.<br \/>\nChoisir un professionnel du Tourisme, adh\u00e9rent de l\u2019APST, c\u2019est donc avoir l\u2019assurance que les fonds vers\u00e9s pour une r\u00e9servation, sont prot\u00e9g\u00e9s.<\/p>\n<p>La Garantie des Fonds D\u00e9pos\u00e9s est un avantage gratuit, qui vous donne la certitude de r\u00e9aliser ou de poursuivre votre voyage, en cas d\u2019une \u00e9ventuelle d\u00e9faillance financi\u00e8re du Professionnel.<br \/>\nDans le cas o\u00f9 ce voyage ne peut \u00eatre ex\u00e9cut\u00e9, pour des raisons d\u2019ordre technique par exemple, vous serez int\u00e9gralement rembours\u00e9 des sommes vers\u00e9es.<\/p>\n<p>Attention, la Garantie des Fonds D\u00e9pos\u00e9s ne s\u2019applique pas \u00e0 l\u2019ensemble des prestations touristiques vendues par votre conseiller. Renseignez-vous aupr\u00e8s de celui-ci.<\/p>\n<p>\u00ab La mise en jeu et la validit\u00e9 de la Garantie Financi\u00e8re suit les dispositions du livre II du Code du Tourisme. Elle concerne les achats de prestations de s\u00e9jour (forfaits tourisme ou un des services \u00e9num\u00e9r\u00e9s \u00e0 l\u2019article L.211-1 du Code du Tourisme, ne portant pas uniquement sur un transport) \u00bb.<br \/>\nUn forfait touristique, c\u2019est la combinaison d\u2019au moins deux prestations, portant sur le transport, l\u2019h\u00e9bergement, la location de voitures, une excursion, etc. d\u00e9passant 24 heures ou incluant une nuit\u00e9e et vendu \u00e0 un prix tout compris.<\/p>\n<p>CR\u00c9DITS PHOTOS<\/p>\n<p>Copyright et droits d&#8217;auteur. Lou Gard Tour \/ Leslie Ehrmann est seule titulaire des droits d&#8217;auteur sur le site www.lou-gard-tour.com.<\/p>\n<p>Les textes, logos, photos et informations pr\u00e9sent\u00e9s sont la propri\u00e9t\u00e9 de LOU GARD TOUR, ou de leurs auteurs et ayant droits respectifs. la loi n&#8217;autorise que des copies ou reproductions r\u00e9serv\u00e9es \u00e0 un usage priv\u00e9 et non destin\u00e9es \u00e0 une utilisation commerciale ou collective. il est formellement interdit de collecter ou d&#8217;utiliser les informations disponibles sur le site \u00e0 des fins commerciales. la violation d&#8217;une de ces dispositions soumet le contrevenant et toutes personnes responsables, aux peines p\u00e9nales et civiles pr\u00e9vues par la loi sur la protection du droit d&#8217;auteur dans tous les \u00e9tats signataires de la convention de Berne.<\/p>\n<p>CR\u00c9DITS PHOTOS<\/p>\n<ul style=\"list-style-type: circle;\">\n<li><span style=\"font-weight: 400;\">KPR Yachting<\/span><\/li>\n<li><span style=\"font-weight: 400;\">Star Clippers <\/span><\/li>\n<li><span style=\"font-weight: 400;\">Venus Agency <\/span><\/li>\n<li><span style=\"font-weight: 400;\">La divine Com\u00e9die ****<\/span><\/li>\n<li><span style=\"font-weight: 400;\">Le Comptoir Saint Hilaire <\/span><\/li>\n<li><span style=\"font-weight: 400;\">Office de tourisme d\u2019Avignon <\/span><\/li>\n<li><span style=\"font-weight: 400;\">Gard tourisme <\/span><\/li>\n<li><span style=\"font-weight: 400;\">CRT Occitanie <\/span><\/li>\n<li><span style=\"font-weight: 400;\">Office de tourisme de Marseille <\/span><\/li>\n<li><span style=\"font-weight: 400;\">Destination Uz\u00e8s-Pont du Gard <\/span><\/li>\n<li><span style=\"font-weight: 400;\">Cannes-\u00celes des L\u00e9rins <\/span><\/li>\n<li><span style=\"font-weight: 400;\">Villa Ephrussi<\/span><\/li>\n<li><span style=\"font-weight: 400;\">Usine Fragonard <\/span><\/li>\n<li><span style=\"font-weight: 400;\">Office de tourisme de Montpellier <\/span><\/li>\n<li><span style=\"font-weight: 400;\">Domaine Tarbouriech<\/span><\/li>\n<li><span style=\"font-weight: 400;\">Paul Palau <\/span><\/li>\n<li><span style=\"font-weight: 400;\">Le ch\u00e2teau de Pennautier <\/span><\/li>\n<li><span style=\"font-weight: 400;\">P\u00e9niche Savannah<\/span><\/li>\n<li><span style=\"font-weight: 400;\">H\u00f4tel Boscolo Exedra*****Nice<\/span><\/li>\n<li><span style=\"font-weight: 400;\">Le domaine de Verchant *****<\/span><\/li>\n<li><span style=\"font-weight: 400;\">H\u00f4tel Vernet****Paris <\/span><\/li>\n<li><span style=\"font-weight: 400;\">Les jardins secrets*****N\u00eemes <\/span><\/li>\n<li><span style=\"font-weight: 400;\">Camargue Autrement<\/span><\/li>\n<li>Le Pont du Gard<\/li>\n<li><span style=\"font-weight: 400;\">Office du tourisme de N\u00eemes <\/span><\/li>\n<li><span style=\"font-weight: 400;\">Catamaran le Providence<\/span><\/li>\n<li><span style=\"font-weight: 400;\">Les salins du midi <\/span><\/li>\n<li><span style=\"font-weight: 400;\">Le petit train des C\u00e9vennes <\/span><\/li>\n<li><span style=\"font-weight: 400;\">Le Pont du Gard <\/span><\/li>\n<li><span style=\"font-weight: 400;\">Claire de truffes<\/span><\/li>\n<li><span style=\"font-weight: 400;\">R\u00e9gis Cintas Flores<\/span><\/li>\n<li><span style=\"font-weight: 400;\">H\u00f4tel intercontinental***** Marseille<\/span><\/li>\n<li><span style=\"font-weight: 400;\">L\u2019Abbaye de S\u00e9nanque <\/span><\/li>\n<li><span style=\"font-weight: 400;\">La ferme Couderc<\/span><\/li>\n<li><span style=\"font-weight: 400;\">Le ch\u00e2teau de Flaugergues<\/span><\/li>\n<li><span style=\"font-weight: 400;\">H\u00f4tel la ch\u00e8vre d\u2019Or*****Eze<\/span><\/li>\n<li><span style=\"font-weight: 400;\">La bastide de Gordes*****<\/span><\/li>\n<li><span style=\"font-weight: 400;\">Les montgolfi\u00e8res du sud<\/span><\/li>\n<li><span style=\"font-weight: 400;\">Les carri\u00e8res de lumi\u00e8res au Baux de Provence<\/span><\/li>\n<li><span style=\"font-weight: 400;\">H\u00f4tel le mas de la Fouque **** Les Saintes Marie de la mer<\/span><\/li>\n<li><span style=\"font-weight: 400;\">H\u00f4tel le Vieux Castillon**** Castillon du Gard<\/span><\/li>\n<li><span style=\"font-weight: 400;\">H\u00f4tel la maison Favart**** Paris <\/span><\/li>\n<li><span style=\"font-weight: 400;\">Le ch\u00e2teau de Berne**** H\u00f4tel&amp;Spa<\/span><\/li>\n<li><span style=\"font-weight: 400;\">Les M\u00e9haris du soleil <\/span><\/li>\n<li><span style=\"font-weight: 400;\">Le village Castigno*****Assignan<\/span><\/li>\n<li><span style=\"font-weight: 400;\">Ailleurs et Uz\u00e8s <\/span><\/li>\n<li><span style=\"font-weight: 400;\">Le domaine de Gressac<\/span><\/li>\n<li><span style=\"font-weight: 400;\">Le p\u00f4le m\u00e9canique Al\u00e8s<\/span><\/li>\n<li><span style=\"font-weight: 400;\">La bambouseraie Anduze <\/span><\/li>\n<li><span style=\"font-weight: 400;\">Office de tourisme Isle-sur-la-Sorgue<\/span><\/li>\n<li><span style=\"font-weight: 400;\">Office de tourisme Roussillon<\/span><\/li>\n<li><span style=\"font-weight: 400;\">Le pistou Uz\u00e8s<\/span><\/li>\n<li>Nm Emergence<\/li>\n<li><span style=\"font-weight: 400;\">La maison de la Bourgade <\/span><\/li>\n<li><span style=\"font-weight: 400;\">Office de tourisme Le Grau-du-Roi<\/span><\/li>\n<li><span style=\"font-weight: 400;\">H\u00f4tel Le spinaker**** Le Grau du Roi <\/span><\/li>\n<li><span style=\"font-weight: 400;\">Hotel 96 Marseille<\/span><\/li>\n<li><span style=\"font-weight: 400;\">Le ch\u00e2teau d\u2019Arpaillargues <\/span><\/li>\n<li><span style=\"font-weight: 400;\">Hostellerie Berard &amp; spa**** La Cadi\u00e8re d&#8217;Azur<\/span><\/li>\n<li>Hostellerie du Castellas**** Collias<\/li>\n<li><span style=\"font-weight: 400;\">Les petits gardons &#8211; Castillon du Gard<\/span><\/li>\n<li><span style=\"font-weight: 400;\">L\u2019h\u00f4tel de l\u2019atelier *** &#8211; Villeneuve les Avignon<\/span><\/li>\n<li><span style=\"font-weight: 400;\">Le manoir Montesquiou *** &#8211; La mal\u00e8ne<\/span><\/li>\n<\/ul>\n<p><span style=\"font-weight: 400;\">Toute utilisation ou reproduction sans l\u2019accord de l\u2019auteur est interdite.<\/span><\/p>\n<p>&nbsp;<\/p>\n","protected":false},"excerpt":{"rendered":"<p>MENTIONS L\u00c9GALES LOU GARD TOUR agence r\u00e9ceptive sud de France est une\u00a0SARL au capital de 7.500 euros Soci\u00e9t\u00e9 immatricul\u00e9e au RCS NIMES\u00a0793770629 Si\u00e8ge social : 1026 route de N\u00eemes \u2013 30700 Uz\u00e8s \u2013 France Pour exercer le m\u00e9tier de professionnel du Tourisme, il est imp\u00e9ratif d\u2019\u00eatre immatricul\u00e9 par l\u2019Etat, de souscrire une responsabilit\u00e9 civile professionnelle [&hellip;]<\/p>\n","protected":false},"author":3,"featured_media":0,"parent":0,"menu_order":0,"comment_status":"closed","ping_status":"closed","template":"templates\/template_full_text.php","meta":{"footnotes":""},"class_list":["post-1594","page","type-page","status-publish","hentry"],"yoast_head":"<!-- This site is optimized with the Yoast SEO plugin v24.4 - https:\/\/yoast.com\/wordpress\/plugins\/seo\/ -->\n<title>Legal terms - Lou Gard Tour<\/title>\n<meta name=\"robots\" content=\"index, follow, max-snippet:-1, max-image-preview:large, max-video-preview:-1\" \/>\n<link rel=\"canonical\" href=\"https:\/\/www.lou-gard-tour.com\/en\/legal-terms\/\" \/>\n<meta property=\"og:locale\" content=\"en_US\" \/>\n<meta property=\"og:type\" content=\"article\" \/>\n<meta property=\"og:title\" content=\"Legal terms - Lou Gard Tour\" \/>\n<meta property=\"og:description\" content=\"MENTIONS L\u00c9GALES LOU GARD TOUR agence r\u00e9ceptive sud de France est une\u00a0SARL au capital de 7.500 euros Soci\u00e9t\u00e9 immatricul\u00e9e au RCS NIMES\u00a0793770629 Si\u00e8ge social : 1026 route de N\u00eemes \u2013 30700 Uz\u00e8s \u2013 France Pour exercer le m\u00e9tier de professionnel du Tourisme, il est imp\u00e9ratif d\u2019\u00eatre immatricul\u00e9 par l\u2019Etat, de souscrire une responsabilit\u00e9 civile professionnelle [&hellip;]\" \/>\n<meta property=\"og:url\" content=\"https:\/\/www.lou-gard-tour.com\/en\/legal-terms\/\" \/>\n<meta property=\"og:site_name\" content=\"Lou Gard Tour\" \/>\n<meta property=\"article:modified_time\" content=\"2018-09-24T13:13:13+00:00\" \/>\n<meta name=\"twitter:card\" content=\"summary_large_image\" \/>\n<meta name=\"twitter:label1\" content=\"Est. reading time\" \/>\n\t<meta name=\"twitter:data1\" content=\"5 minutes\" \/>\n<script type=\"application\/ld+json\" class=\"yoast-schema-graph\">{\"@context\":\"https:\/\/schema.org\",\"@graph\":[{\"@type\":\"WebPage\",\"@id\":\"https:\/\/www.lou-gard-tour.com\/en\/legal-terms\/\",\"url\":\"https:\/\/www.lou-gard-tour.com\/en\/legal-terms\/\",\"name\":\"Legal terms - Lou Gard Tour\",\"isPartOf\":{\"@id\":\"https:\/\/www.lou-gard-tour.com\/#website\"},\"datePublished\":\"2018-09-24T12:34:43+00:00\",\"dateModified\":\"2018-09-24T13:13:13+00:00\",\"breadcrumb\":{\"@id\":\"https:\/\/www.lou-gard-tour.com\/en\/legal-terms\/#breadcrumb\"},\"inLanguage\":\"en-US\",\"potentialAction\":[{\"@type\":\"ReadAction\",\"target\":[\"https:\/\/www.lou-gard-tour.com\/en\/legal-terms\/\"]}]},{\"@type\":\"BreadcrumbList\",\"@id\":\"https:\/\/www.lou-gard-tour.com\/en\/legal-terms\/#breadcrumb\",\"itemListElement\":[{\"@type\":\"ListItem\",\"position\":1,\"name\":\"Accueil\",\"item\":\"https:\/\/www.lou-gard-tour.com\/en\/\"},{\"@type\":\"ListItem\",\"position\":2,\"name\":\"Legal terms\"}]},{\"@type\":\"WebSite\",\"@id\":\"https:\/\/www.lou-gard-tour.com\/#website\",\"url\":\"https:\/\/www.lou-gard-tour.com\/\",\"name\":\"Lou Gard Tour\",\"description\":\"Un site utilisant WordPress\",\"potentialAction\":[{\"@type\":\"SearchAction\",\"target\":{\"@type\":\"EntryPoint\",\"urlTemplate\":\"https:\/\/www.lou-gard-tour.com\/?s={search_term_string}\"},\"query-input\":{\"@type\":\"PropertyValueSpecification\",\"valueRequired\":true,\"valueName\":\"search_term_string\"}}],\"inLanguage\":\"en-US\"}]}<\/script>\n<!-- \/ Yoast SEO plugin. -->","yoast_head_json":{"title":"Legal terms - Lou Gard Tour","robots":{"index":"index","follow":"follow","max-snippet":"max-snippet:-1","max-image-preview":"max-image-preview:large","max-video-preview":"max-video-preview:-1"},"canonical":"https:\/\/www.lou-gard-tour.com\/en\/legal-terms\/","og_locale":"en_US","og_type":"article","og_title":"Legal terms - Lou Gard Tour","og_description":"MENTIONS L\u00c9GALES LOU GARD TOUR agence r\u00e9ceptive sud de France est une\u00a0SARL au capital de 7.500 euros Soci\u00e9t\u00e9 immatricul\u00e9e au RCS NIMES\u00a0793770629 Si\u00e8ge social : 1026 route de N\u00eemes \u2013 30700 Uz\u00e8s \u2013 France Pour exercer le m\u00e9tier de professionnel du Tourisme, il est imp\u00e9ratif d\u2019\u00eatre immatricul\u00e9 par l\u2019Etat, de souscrire une responsabilit\u00e9 civile professionnelle [&hellip;]","og_url":"https:\/\/www.lou-gard-tour.com\/en\/legal-terms\/","og_site_name":"Lou Gard Tour","article_modified_time":"2018-09-24T13:13:13+00:00","twitter_card":"summary_large_image","twitter_misc":{"Est. reading time":"5 minutes"},"schema":{"@context":"https:\/\/schema.org","@graph":[{"@type":"WebPage","@id":"https:\/\/www.lou-gard-tour.com\/en\/legal-terms\/","url":"https:\/\/www.lou-gard-tour.com\/en\/legal-terms\/","name":"Legal terms - Lou Gard Tour","isPartOf":{"@id":"https:\/\/www.lou-gard-tour.com\/#website"},"datePublished":"2018-09-24T12:34:43+00:00","dateModified":"2018-09-24T13:13:13+00:00","breadcrumb":{"@id":"https:\/\/www.lou-gard-tour.com\/en\/legal-terms\/#breadcrumb"},"inLanguage":"en-US","potentialAction":[{"@type":"ReadAction","target":["https:\/\/www.lou-gard-tour.com\/en\/legal-terms\/"]}]},{"@type":"BreadcrumbList","@id":"https:\/\/www.lou-gard-tour.com\/en\/legal-terms\/#breadcrumb","itemListElement":[{"@type":"ListItem","position":1,"name":"Accueil","item":"https:\/\/www.lou-gard-tour.com\/en\/"},{"@type":"ListItem","position":2,"name":"Legal terms"}]},{"@type":"WebSite","@id":"https:\/\/www.lou-gard-tour.com\/#website","url":"https:\/\/www.lou-gard-tour.com\/","name":"Lou Gard Tour","description":"Un site utilisant WordPress","potentialAction":[{"@type":"SearchAction","target":{"@type":"EntryPoint","urlTemplate":"https:\/\/www.lou-gard-tour.com\/?s={search_term_string}"},"query-input":{"@type":"PropertyValueSpecification","valueRequired":true,"valueName":"search_term_string"}}],"inLanguage":"en-US"}]}},"_links":{"self":[{"href":"https:\/\/www.lou-gard-tour.com\/en\/wp-json\/wp\/v2\/pages\/1594","targetHints":{"allow":["GET"]}}],"collection":[{"href":"https:\/\/www.lou-gard-tour.com\/en\/wp-json\/wp\/v2\/pages"}],"about":[{"href":"https:\/\/www.lou-gard-tour.com\/en\/wp-json\/wp\/v2\/types\/page"}],"author":[{"embeddable":true,"href":"https:\/\/www.lou-gard-tour.com\/en\/wp-json\/wp\/v2\/users\/3"}],"replies":[{"embeddable":true,"href":"https:\/\/www.lou-gard-tour.com\/en\/wp-json\/wp\/v2\/comments?post=1594"}],"version-history":[{"count":2,"href":"https:\/\/www.lou-gard-tour.com\/en\/wp-json\/wp\/v2\/pages\/1594\/revisions"}],"predecessor-version":[{"id":1607,"href":"https:\/\/www.lou-gard-tour.com\/en\/wp-json\/wp\/v2\/pages\/1594\/revisions\/1607"}],"wp:attachment":[{"href":"https:\/\/www.lou-gard-tour.com\/en\/wp-json\/wp\/v2\/media?parent=1594"}],"curies":[{"name":"wp","href":"https:\/\/api.w.org\/{rel}","templated":true}]}}